{"id":37,"date":"2025-09-05T03:22:19","date_gmt":"2025-09-05T03:22:19","guid":{"rendered":"https:\/\/radioamigosecuador.com\/RAR\/home\/"},"modified":"2025-09-09T02:44:59","modified_gmt":"2025-09-09T02:44:59","slug":"home","status":"publish","type":"page","link":"https:\/\/radioamigosecuador.com\/RAR\/","title":{"rendered":"Home"},"content":{"rendered":"\n\n\n\n\n\n<h1>DONDE LA M\u00daSICA LLEGA AL ALMA.<\/h1>\n\n<h6>\n<\/h6><h6><font dir=\"auto\" style=\"vertical-align: inherit;\"><font dir=\"auto\" style=\"vertical-align: inherit;\"><em style=\"font-weight: normal;\">RADIO AMIGOS ECUADOR, es m\u00e1s que una estaci\u00f3n de radio ONLINE. Es una radio din\u00e1mica con 15 a\u00f1os de trayectoria, una de las primeras radio ONLINE del Ecuador, con la m\u00fasica que usted necesita para disfrutar de su d\u00eda con un sonido especial, por eso somos La Web Radio del Ecuador.<\/em><\/font><\/font><\/h6>\n\n\n\n\n\n\n<h4>Listas de Reproducci\u00f3n <br>Para hoy<\/h4>\n\n\n\n<h4>En Vivo <br>Programas<\/h4>\n\n\n\n<h4>Programas &amp; <br>Podcasts<\/h4>\n\n\n\n<h4>acerca <br>de nuestra estaci\u00f3n<\/h4>\n\n\n\n\n\n\n\nNuestro trabajo contempla programas en vivo con transmisi\u00f3n diaria, y enlaces con estaciones terrestres FM, como Radio Catedral en el programa CLASICOS DE CATEDRAL, los domingos a las 16h00.\n\n<p><font dir=\"auto\" style=\"vertical-align: inherit;\"><font dir=\"auto\" style=\"vertical-align: inherit;\">En vivo desde la estaci\u00f3n&#8230;.&nbsp;<\/font><\/font><\/p><p>Radio Catedral<\/p>\n\n\n\n\n<h2>Su anuncio aqu\u00ed<\/h2>\n\n\n\nLas canciones que han sido solicitadas por nuestros amigos oyentes, forman parte de este grupo especial del Top musical de la semana.\n<p><font color=\"#4a4a48\">Sandro<\/font><\/p>\n<p><font color=\"#4a4a48\">yaco monti<\/font><\/p>\n<p><font color=\"#4a4a48\">jos\u00e9 jos\u00e9<\/font><\/p>\n<p><font color=\"#4a4a48\">cyndi lauper<\/font><\/p>\n\n<p><font color=\"#4a4a48\">Ariana Grande<\/font><\/p>\n\n\n<p><font color=\"#4a4a48\">Eminem, Dr. DRE, Snoop Dogg<\/font><\/p>\n\n\n<p><font color=\"#4a4a48\">Ed Sheeran<\/font><\/p>\n\n\n<p><font color=\"#4a4a48\">Machine Gun Kelly<\/font><\/p>\n\n\n\n\n\n\nLorem Ipsum has been the industry&#8217;s standard dummy text ever since the 1500s, when an unknown printer took a galley of type and scrambled it to make a type specimen book.\n\n\n<p>Live from Station&#8230;.&nbsp;<\/p><p>RJ Huzy <\/p>\n\n\n\n<h2>Su anuncio aqu\u00ed<\/h2>\n\n\n\nLas canciones que han sido solicitadas por nuestros amigos oyentes, forman parte de este grupo especial del Top musical de la semana\n<iframe src=\"https:\/\/open.spotify.com\/embed\/track\/20HseYfcdD8KFPGKfK5aSS\"  \nwidth=\"100%\" height=\"81px\" frameborder=\"0\" allowtransparency=\"true\" allow=\"encrypted-media\"><\/iframe>\n<iframe loading=\"lazy\" src=\"https:\/\/open.spotify.com\/embed\/track\/2OrIMDvpAqOlqQCrIPpCSA\" width=\"100%\" height=\"81px\" frameborder=\"0\" allowtransparency=\"true\" allow=\"encrypted-media\"><\/iframe>\n<iframe loading=\"lazy\" src=\"https:\/\/open.spotify.com\/embed\/track\/2QlkJ4aXwmT0VRBN8JNzxq\" width=\"100%\" height=\"81px\" frameborder=\"0\" allowtransparency=\"true\" allow=\"encrypted-media\"><\/iframe>\n<iframe loading=\"lazy\" src=\"https:\/\/open.spotify.com\/embed\/track\/0AlxkpxyHszvNIuHxBHuDK\" width=\"100%\" height=\"81px\" frameborder=\"0\" allowtransparency=\"true\" allow=\"encrypted-media\"><\/iframe>\n<iframe loading=\"lazy\" src=\"https:\/\/open.spotify.com\/embed\/track\/7o9uu2GDtVDr9nsR7ZRN73\" width=\"100%\" height=\"81px\" frameborder=\"0\" allowtransparency=\"true\" allow=\"encrypted-media\"><\/iframe>\n<iframe loading=\"lazy\" src=\"https:\/\/open.spotify.com\/embed\/track\/2JoZzpdeP2G6Csfdq5aLXP\" width=\"100%\" height=\"81px\" frameborder=\"0\" allowtransparency=\"true\" allow=\"encrypted-media\"><\/iframe>\n<iframe loading=\"lazy\" src=\"https:\/\/open.spotify.com\/embed\/track\/74KqkyHbpneHF6JT8EwUOO\" width=\"100%\" height=\"81px\" frameborder=\"0\" allowtransparency=\"true\" allow=\"encrypted-media\"><\/iframe>\n<iframe loading=\"lazy\" src=\"https:\/\/open.spotify.com\/embed\/track\/7zG20AHwxEtMGy38Nx5sCR\" width=\"100%\" height=\"81px\" frameborder=\"0\" allowtransparency=\"true\" allow=\"encrypted-media\"><\/iframe>\n\n\n\n\n\nEn este segmento promocionamos las canciones que est\u00e1n de moda o han sido \u00e9xito durante varias \u00e9pocas y que se transmiten con mayor frecuencia en nuestra estaci\u00f3n OnLine\n\n\n\nIngrese los datos de la canci\u00f3n que desea escuchar y le estaremos complaciendo lo m\u00e1s pronto posible en nuestra radio Online. Es necesario el nombre de la canci\u00f3n, el nombre del artista y su nombre para hacer un registro de nuestros oyentes\n\n\n\n\n\nPara cualquier inquietud mos pueden contactar al correo electr\u00f3nico o dejar sus mensajes al Whats App que dejamos a continuaci\u00f3n.\n\n\n\n\n\n\n<h5>Weekly Shows<\/p>\n\n\n<h1>programaci\u00f3n de la radio<\/h1>\n\n\n\n\n\n\n\n\n\n\n\n\n\n\n\n\n\n\n\n\n\n\n\n\n\n\n\n\n\n\n\n\n\n\n\n\n\n\n\n\n\n\n\n\n\n\n\n\n\n\n\n\n\n\n\n\n\n\n\n\n\n\n\n\n\n\n\n\n\n\n\n\n\n\n\n\n\n\n\n\n\n\n\n\n\n\n\n\n\n<p>Wednesday 13:00 &#8211; 15:00<\/p>\n\n<h5>No te pierdas el programa de fin de semana en vivo<\/h5>\n\n<h5>Invitados especiales : Jos\u00e9 Jos\u00e9 y Emanuel<\/h5>\n\n\n\n\n<h5>Equipo de presentadores<\/p>\n<h1>programas especiales<\/h1>\n\n\n<p>Lorem Ipsum has been the industry&#8217;s standard dummy text ever since the 1500s.<\/p>\n<p>cl\u00e1sicos de catedral<\/p>\n<h5>Jorge y Dalia.<\/h5>\n\n\n<p>Lorem Ipsum has been the industry&#8217;s standard dummy text ever since the 1500s.<\/p>\n<p>Talento nacional<\/p>\n<h5>Antonio Cajamarca<\/h5>\n\n\n<p>Lorem Ipsum has been the industry&#8217;s standard dummy text ever since the 1500s.<\/p>\n<p>noches de amigos<\/p>\n<h5>karolina<\/h5>\n\n\n<p>Lorem Ipsum has been the industry&#8217;s standard dummy text ever since the 1500s.<\/p>\n<p>bailando Sin papar<\/p>\n<h5>nicole dj<\/h5>\n\n\n\n\n\n\n<h5>pr\u00f3ximos eventos<\/p>\n<h1>radio amigos ecuador<\/h1>\n\n\n<h1>1<\/h1>\n<p>noviembre 2025<\/p>\n\n\n<p>Unidad Educativa Luis Rogerio Gonz\u00e1lez[Azogues]<\/p>\n<h2>expo feria azogues 2025<\/h2>\n\n\n\n\n\n\n\n<h1>4<\/h1>\n<p>Noviembre 2025<\/p>\n\n\n<p>Ciudad de Azogues<\/p>\n<h2>Fiestas de Azogues<\/h2>\n\n\n\n\n\n\n\n\n\n<h2>Tus anuncios aqui<\/h2>\n\n\n\n\n<h5>Entretenimiento<\/p>\n<h1>promociones de septiembre<\/h1>\n\n\n\n<p><font color=\"#e01010\"><strong><em>$18.22<\/em><\/strong><\/font><\/p>\n\n\n\n<p>DeathRow | Interscope<\/p>\n\n\n\n\n<p><font color=\"#e01010\"><strong><em>$18.22<\/em><\/strong><\/font><\/p>\n\n\n\n<p>The Federation Compound<\/p>\n\n\n\n\n<p><font color=\"#e01010\"><strong><em>$18.22<\/em><\/strong><\/font><\/p>\n\n\n\n<p>Niles City Sound | Fort Worth<\/p>\n\n\n\n\n<p><font color=\"#e01010\"><strong><em>$18.22<\/em><\/strong><\/font><\/p>\n\n\n\n<p>Soundscape | Force One | Seven<\/p>\n\n\n\n\n\n","protected":false},"excerpt":{"rendered":"","protected":false},"author":1,"featured_media":0,"parent":0,"menu_order":0,"comment_status":"closed","ping_status":"closed","template":"","meta":{"pagelayer_contact_templates":[],"_pagelayer_content":"","footnotes":""},"class_list":["post-37","page","type-page","status-publish","hentry"],"_links":{"self":[{"href":"https:\/\/radioamigosecuador.com\/RAR\/wp-json\/wp\/v2\/pages\/37","targetHints":{"allow":["GET"]}}],"collection":[{"href":"https:\/\/radioamigosecuador.com\/RAR\/wp-json\/wp\/v2\/pages"}],"about":[{"href":"https:\/\/radioamigosecuador.com\/RAR\/wp-json\/wp\/v2\/types\/page"}],"author":[{"embeddable":true,"href":"https:\/\/radioamigosecuador.com\/RAR\/wp-json\/wp\/v2\/users\/1"}],"replies":[{"embeddable":true,"href":"https:\/\/radioamigosecuador.com\/RAR\/wp-json\/wp\/v2\/comments?post=37"}],"version-history":[{"count":114,"href":"https:\/\/radioamigosecuador.com\/RAR\/wp-json\/wp\/v2\/pages\/37\/revisions"}],"predecessor-version":[{"id":258,"href":"https:\/\/radioamigosecuador.com\/RAR\/wp-json\/wp\/v2\/pages\/37\/revisions\/258"}],"wp:attachment":[{"href":"https:\/\/radioamigosecuador.com\/RAR\/wp-json\/wp\/v2\/media?parent=37"}],"curies":[{"name":"wp","href":"https:\/\/api.w.org\/{rel}","templated":true}]}}